{"id":141,"date":"2019-01-22T08:04:42","date_gmt":"2019-01-22T08:04:42","guid":{"rendered":"http:\/\/cbhilltranslations.com\/?page_id=141"},"modified":"2025-04-11T13:49:38","modified_gmt":"2025-04-11T13:49:38","slug":"the-soaring-engine","status":"publish","type":"page","link":"https:\/\/cbhilltranslations.com\/de\/the-soaring-engine","title":{"rendered":"The Soaring Engine"},"content":{"rendered":"<p><span style=\"font-size: 14pt;\"><\/span><\/p>\r\n<p><span style=\"font-size: 16px; font-family: helvetica, arial, sans-serif;\">Wenn ich nicht mit \u00dcbersetzungen besch\u00e4ftigt bin, fliege ich Segelflugzeuge. Ich begann noch w\u00e4hrend meines Studiums in Deutschland mit dem Segelfliegen und trat bald nach meinem Umzug nach Gro\u00dfbritannien wieder einem Verein bei. Die Wochenenden verbringe ich meist als ehrenamtliche Fluglehrerin auf dem R\u00fccksitz eines Schulungsdoppelsitzers. Au\u00dferdem macht mir das Streckenfliegen Spa\u00df, vor allem das Wettbewerbsfliegen und Streckenflugtraining. Bei drei Frauenweltmeisterschaften habe ich bisher als Mitglied der britischen Segelflugmannschaft einen Platz in den Top Ten erreicht, zuletzt im Januar 2020 bei der WM in Lake Keepit, Australien.<\/span><\/p>\r\n<p><span style=\"font-size: 16px; font-family: helvetica, arial, sans-serif;\">\r\n\r\n<\/span><\/p>\r\n<p><span style=\"font-size: 16px; font-family: helvetica, arial, sans-serif;\">An einem regnerischen Tag w\u00e4hrend einer britischen Clubklassemeisterschaft, an der wir beide teilnahmen, begannen G Dale (selbst Mitglied der britischen Segelflugmannschaft und derzeitiger Vize-Europameister in der Clubklasse) und ich, \u00fcber eine deutsche \u00dcbersetzung von The Soaring Engine nachzudenken, einer von G verfassten Lehrbuchreihe zum Streckenflug \u2013 und 2018 stellte ich die \u00dcbersetzung des ersten Bands fertig.<\/span><\/p>\r\n<p><span style=\"font-size: 16px; font-family: helvetica, arial, sans-serif;\">\r\n\r\n<\/span><\/p>\r\n<div class=\"wp-block-image\">\r\n<figure class=\"alignright is-resized\"><span style=\"font-size: 16px; font-family: helvetica, arial, sans-serif;\"><img loading=\"lazy\" decoding=\"async\" class=\"alignnone wp-image-127\" src=\"https:\/\/cbhilltranslations.com\/wp-content\/uploads\/2019\/01\/SE1-DE-1.0-Titelblatt-644x1024.jpg\" alt=\"The Soaring Engine Band 1 - ISBN 978-0-9928270-3-8\" width=\"343\" height=\"545\" srcset=\"https:\/\/cbhilltranslations.com\/wp-content\/uploads\/2019\/01\/SE1-DE-1.0-Titelblatt-644x1024.jpg 644w, https:\/\/cbhilltranslations.com\/wp-content\/uploads\/2019\/01\/SE1-DE-1.0-Titelblatt-189x300.jpg 189w, https:\/\/cbhilltranslations.com\/wp-content\/uploads\/2019\/01\/SE1-DE-1.0-Titelblatt-768x1220.jpg 768w, https:\/\/cbhilltranslations.com\/wp-content\/uploads\/2019\/01\/SE1-DE-1.0-Titelblatt.jpg 1905w\" sizes=\"auto, (max-width: 343px) 100vw, 343px\" \/><\/span><\/figure>\r\n<\/div>\r\n<p><span style=\"font-size: 16px; font-family: helvetica, arial, sans-serif;\">\r\n\r\n<\/span><\/p>\r\n<p><span style=\"font-size: 16px; font-family: helvetica, arial, sans-serif;\">Die Buchreihe <strong>The Soaring Engine <\/strong>beschreibt, wie durch das Zusammenspiel von Sonne, Wind und Gel\u00e4nde Aufwinde entstehen, die Segelflieger f\u00fcr ihre Zwecke nutzen k\u00f6nnen.<\/span><\/p>\r\n<p><span style=\"font-size: 16px; font-family: helvetica, arial, sans-serif;\">\r\n\r\n<\/span><\/p>\r\n<p><span style=\"font-size: 16px; font-family: helvetica, arial, sans-serif;\">Im ersten Band wird erl\u00e4utert, wie der Wind \u00fcber und um H\u00fcgel, Hangkanten und Berge str\u00f6mt und wie sich Thermik bildet und entwickelt. Au\u00dferdem werden die Muster erkl\u00e4rt, die in der Luft durch Hangwinde und Thermik entstehen. Und schlie\u00dflich sehen wir uns an, wie der Aufwind sowohl im Flachland als auch im Gebirge optimal genutzt werden kann.<\/span><\/p>\r\n<p><span style=\"font-size: 16px; font-family: helvetica, arial, sans-serif;\">\r\n\r\n<\/span><\/p>\r\n<p><span style=\"font-size: 16px; font-family: helvetica, arial, sans-serif;\">Mit seinen leicht verst\u00e4ndlichen Abbildungen ist dieses Buch der ideale Leitfaden f\u00fcr alle, die Aufwinde verstehen und richtig nutzen m\u00f6chten \u2013 von Gleitschirmfliegern bis hin zu Piloten von Hochleistungssegelflugzeugen.<\/span><\/p>\r\n<p><span style=\"font-size: 16px; font-family: helvetica, arial, sans-serif;\">\r\n\r\n<\/span><\/p>\r\n<p><em><span style=\"font-size: 16px; font-family: helvetica, arial, sans-serif;\">Die deutsche Version von G Dales Buch \u201eThe Soaring Engine Vol 1: Ridge Thermal Flatland Mountain\u201c ist unter dem Titel \u201eThe Soaring Engine Band 1: Hang-, Thermik- und Gebirgssegelflug\u201c (ISBN 978-0-9928270-3-8) erh\u00e4ltlich von<\/span><\/em><\/p>\r\n<p><span style=\"font-size: 16px; font-family: helvetica, arial, sans-serif;\">\r\n\r\n<\/span><\/p>\r\n<p><strong><span style=\"font-size: 16px; font-family: helvetica, arial, sans-serif;\">Deutschland<br \/><\/span><\/strong><span style=\"font-size: 16px; font-family: helvetica, arial, sans-serif;\"><a href=\"https:\/\/www.air-store.eu\/epages\/AIRStore-LuftfahrtbedarfundAvionik.sf\/de_DE\/?ObjectID=96531878\" target=\"_blank\" rel=\"noopener\">www.air-store.eu<\/a> <a href=\"https:\/\/www.air-store.eu\/epages\/AIRStore-LuftfahrtbedarfundAvionik.sf\/de_DE\/?ObjectID=96531878\" target=\"_blank\" rel=\"noopener\"><strong>\u2013 <\/strong><strong>neuer Preis!<\/strong><\/a><br \/><\/span><\/p>\r\n<p><span style=\"font-family: helvetica, arial, sans-serif; font-size: 16px;\"><a href=\"https:\/\/friebe.aero\/literatur-kalender\/segelflug-motorsegler\/the-soaring-engine-band-1-hang-thermik-und-gebirgssegelflug.html\" target=\"_blank\" rel=\"noopener\">www.friebe.aero<\/a><\/span><\/p>\r\n<p><span style=\"font-size: 16px; font-family: helvetica, arial, sans-serif;\">\r\n\r\n<\/span><\/p>\r\n<p><span style=\"font-family: helvetica, arial, sans-serif; font-size: 16px;\"><strong>Schweiz<\/strong><br \/><a href=\"https:\/\/swiss-sailplane.ch\/produkt\/soaring-engine-book\/\" target=\"_blank\" rel=\"noopener\">swiss-sailplane.ch<\/a><br \/><\/span><\/p>\r\n<p><span style=\"font-family: helvetica, arial, sans-serif; font-size: 16px;\"><strong>Niederlande<\/strong><\/span><br \/><span style=\"font-family: helvetica, arial, sans-serif; font-size: 16px;\"><a href=\"https:\/\/www.gliderpilotshop.com\/the-soaring-engine-vol-1.html\" target=\"_blank\" rel=\"noopener\">www.gliderpilotshop.com<\/a><\/span><\/p>\r\n<p><strong><span style=\"font-size: 16px; font-family: helvetica, arial, sans-serif;\">Gro\u00dfbritannien<\/span><\/strong><br \/><span style=\"font-size: 16px; font-family: helvetica, arial, sans-serif;\"><a href=\"https:\/\/www.navboys.com\/SOARING_ENGINE_V1_GERMAN.html\" target=\"_blank\" rel=\"noreferrer noopener\" aria-label=\" (opens in a new tab)\">www.navboys.com<\/a><\/span><\/p>\r\n<p><span style=\"font-size: 16px; font-family: helvetica, arial, sans-serif;\">\r\n\r\n<\/span><\/p>\r\n<p><span style=\"font-size: 16px; font-family: helvetica, arial, sans-serif;\">\r\n\r\n<\/span><\/p>\r\n<p><span style=\"font-size: 16px; font-family: helvetica, arial, sans-serif;\">\r\n\r\n<\/span><\/p>\r\n<p><span style=\"font-size: 16px;\"><span style=\"font-family: helvetica, arial, sans-serif;\"><strong>Weitere Infos siehe <\/strong><\/span><span style=\"font-family: helvetica, arial, sans-serif;\"><a href=\"http:\/\/www.thesoaringengine.co.uk\/\" target=\"_blank\" rel=\"noreferrer noopener\" aria-label=\" (opens in a new tab)\"><strong>www.thesoaringengine.co.uk<\/strong><\/a><\/span><\/span><\/p>\r\n<p>&nbsp;<\/p>\r\n<p><span style=\"font-size: 16px;\"><span style=\"font-family: helvetica, arial, sans-serif;\">&#8230; oder sehen Sie sich die nachstehende Rezension an, geschrieben von Georg Theisinger,<\/span><span style=\"font-family: helvetica, arial, sans-serif;\"> langj\u00e4hriges Mitglied der deutschen Segelflugnationalmannschaft (ver\u00f6ffentlicht in der Januarausgabe 2019 der Zeitschrift Segelfliegen):<\/span><\/span><\/p>\r\n<p><span style=\"font-size: 16px;\"><img loading=\"lazy\" decoding=\"async\" class=\"alignnone wp-image-263\" title=\"The Soaring Engine - Rezension, Segelfliegen Magazin, Januar 2019\" src=\"https:\/\/cbhilltranslations.com\/wp-content\/uploads\/2019\/03\/SE1-DE-Review-Segelfliegen-Magazin-1-300x242.jpg\" alt=\"The Soaring Engine - Rezension, Segelfliegen Magazin, Januar 2019\" width=\"863\" height=\"696\" srcset=\"https:\/\/cbhilltranslations.com\/wp-content\/uploads\/2019\/03\/SE1-DE-Review-Segelfliegen-Magazin-1-300x242.jpg 300w, https:\/\/cbhilltranslations.com\/wp-content\/uploads\/2019\/03\/SE1-DE-Review-Segelfliegen-Magazin-1.jpg 744w\" sizes=\"auto, (max-width: 863px) 100vw, 863px\" \/><\/span><\/p>\r\n<p><span style=\"font-size: 12pt; font-family: helvetica, arial, sans-serif;\">\r\n\r\n<\/span><\/p>\r\n<p><span style=\"font-size: 14pt;\"><\/span><\/p>","protected":false},"excerpt":{"rendered":"<p>Wenn ich nicht mit \u00dcbersetzungen besch\u00e4ftigt bin, fliege ich Segelflugzeuge. Ich begann noch w\u00e4hrend meines Studiums in Deutschland mit dem Segelfliegen und trat bald nach meinem Umzug nach Gro\u00dfbritannien wieder einem Verein bei. Die Wochenenden verbringe ich meist als ehrenamtliche Fluglehrerin auf dem R\u00fccksitz eines Schulungsdoppelsitzers. Au\u00dferdem macht mir das Streckenfliegen Spa\u00df, vor allem das [&hellip;]<\/p>\n","protected":false},"author":1,"featured_media":0,"parent":0,"menu_order":0,"comment_status":"closed","ping_status":"closed","template":"template-content.php","meta":{"content-type":"","footnotes":""},"class_list":["post-141","page","type-page","status-publish","hentry"],"yoast_head":"<!-- This site is optimized with the Yoast SEO plugin v27.3 - https:\/\/yoast.com\/product\/yoast-seo-wordpress\/ -->\n<title>The Soaring Engine - CHill Communicates<\/title>\n<meta name=\"robots\" content=\"index, follow, max-snippet:-1, max-image-preview:large, max-video-preview:-1\" \/>\n<link rel=\"canonical\" href=\"https:\/\/cbhilltranslations.com\/de\/the-soaring-engine\" \/>\n<meta property=\"og:locale\" content=\"de_DE\" \/>\n<meta property=\"og:type\" content=\"article\" \/>\n<meta property=\"og:title\" content=\"The Soaring Engine - CHill Communicates\" \/>\n<meta property=\"og:description\" content=\"Wenn ich nicht mit \u00dcbersetzungen besch\u00e4ftigt bin, fliege ich Segelflugzeuge. Ich begann noch w\u00e4hrend meines Studiums in Deutschland mit dem Segelfliegen und trat bald nach meinem Umzug nach Gro\u00dfbritannien wieder einem Verein bei. Die Wochenenden verbringe ich meist als ehrenamtliche Fluglehrerin auf dem R\u00fccksitz eines Schulungsdoppelsitzers. Au\u00dferdem macht mir das Streckenfliegen Spa\u00df, vor allem das [&hellip;]\" \/>\n<meta property=\"og:url\" content=\"https:\/\/cbhilltranslations.com\/de\/the-soaring-engine\" \/>\n<meta property=\"og:site_name\" content=\"CHill Communicates\" \/>\n<meta property=\"article:publisher\" content=\"https:\/\/www.facebook.com\/CBHillTranslations\/\" \/>\n<meta property=\"article:modified_time\" content=\"2025-04-11T13:49:38+00:00\" \/>\n<meta property=\"og:image\" content=\"https:\/\/cbhilltranslations.com\/wp-content\/uploads\/2019\/01\/SE1-DE-1.0-Titelblatt.jpg\" \/>\n\t<meta property=\"og:image:width\" content=\"1905\" \/>\n\t<meta property=\"og:image:height\" content=\"3027\" \/>\n\t<meta property=\"og:image:type\" content=\"image\/jpeg\" \/>\n<meta name=\"twitter:card\" content=\"summary_large_image\" \/>\n<meta name=\"twitter:site\" content=\"@chilltrans\" \/>\n<meta name=\"twitter:label1\" content=\"Gesch\u00e4tzte Lesezeit\" \/>\n\t<meta name=\"twitter:data1\" content=\"2\u00a0Minuten\" \/>\n<script type=\"application\/ld+json\" class=\"yoast-schema-graph\">{\"@context\":\"https:\\\/\\\/schema.org\",\"@graph\":[{\"@type\":\"WebPage\",\"@id\":\"https:\\\/\\\/cbhilltranslations.com\\\/de\\\/the-soaring-engine\",\"url\":\"https:\\\/\\\/cbhilltranslations.com\\\/de\\\/the-soaring-engine\",\"name\":\"The Soaring Engine - CHill Communicates\",\"isPartOf\":{\"@id\":\"https:\\\/\\\/cbhilltranslations.com\\\/#website\"},\"primaryImageOfPage\":{\"@id\":\"https:\\\/\\\/cbhilltranslations.com\\\/de\\\/the-soaring-engine#primaryimage\"},\"image\":{\"@id\":\"https:\\\/\\\/cbhilltranslations.com\\\/de\\\/the-soaring-engine#primaryimage\"},\"thumbnailUrl\":\"https:\\\/\\\/cbhilltranslations.com\\\/wp-content\\\/uploads\\\/2019\\\/01\\\/SE1-DE-1.0-Titelblatt-644x1024.jpg\",\"datePublished\":\"2019-01-22T08:04:42+00:00\",\"dateModified\":\"2025-04-11T13:49:38+00:00\",\"breadcrumb\":{\"@id\":\"https:\\\/\\\/cbhilltranslations.com\\\/de\\\/the-soaring-engine#breadcrumb\"},\"inLanguage\":\"de\",\"potentialAction\":[{\"@type\":\"ReadAction\",\"target\":[\"https:\\\/\\\/cbhilltranslations.com\\\/de\\\/the-soaring-engine\"]}]},{\"@type\":\"ImageObject\",\"inLanguage\":\"de\",\"@id\":\"https:\\\/\\\/cbhilltranslations.com\\\/de\\\/the-soaring-engine#primaryimage\",\"url\":\"https:\\\/\\\/cbhilltranslations.com\\\/wp-content\\\/uploads\\\/2019\\\/01\\\/SE1-DE-1.0-Titelblatt-644x1024.jpg\",\"contentUrl\":\"https:\\\/\\\/cbhilltranslations.com\\\/wp-content\\\/uploads\\\/2019\\\/01\\\/SE1-DE-1.0-Titelblatt-644x1024.jpg\"},{\"@type\":\"BreadcrumbList\",\"@id\":\"https:\\\/\\\/cbhilltranslations.com\\\/de\\\/the-soaring-engine#breadcrumb\",\"itemListElement\":[{\"@type\":\"ListItem\",\"position\":1,\"name\":\"Home\",\"item\":\"https:\\\/\\\/cbhilltranslations.com\\\/de\"},{\"@type\":\"ListItem\",\"position\":2,\"name\":\"The Soaring Engine\"}]},{\"@type\":\"WebSite\",\"@id\":\"https:\\\/\\\/cbhilltranslations.com\\\/#website\",\"url\":\"https:\\\/\\\/cbhilltranslations.com\\\/\",\"name\":\"CHill Communicates\",\"description\":\"Project Management, Consulting, Communication. In English and in German.\",\"potentialAction\":[{\"@type\":\"SearchAction\",\"target\":{\"@type\":\"EntryPoint\",\"urlTemplate\":\"https:\\\/\\\/cbhilltranslations.com\\\/?s={search_term_string}\"},\"query-input\":{\"@type\":\"PropertyValueSpecification\",\"valueRequired\":true,\"valueName\":\"search_term_string\"}}],\"inLanguage\":\"de\"}]}<\/script>\n<!-- \/ Yoast SEO plugin. -->","yoast_head_json":{"title":"The Soaring Engine - CHill Communicates","robots":{"index":"index","follow":"follow","max-snippet":"max-snippet:-1","max-image-preview":"max-image-preview:large","max-video-preview":"max-video-preview:-1"},"canonical":"https:\/\/cbhilltranslations.com\/de\/the-soaring-engine","og_locale":"de_DE","og_type":"article","og_title":"The Soaring Engine - CHill Communicates","og_description":"Wenn ich nicht mit \u00dcbersetzungen besch\u00e4ftigt bin, fliege ich Segelflugzeuge. Ich begann noch w\u00e4hrend meines Studiums in Deutschland mit dem Segelfliegen und trat bald nach meinem Umzug nach Gro\u00dfbritannien wieder einem Verein bei. Die Wochenenden verbringe ich meist als ehrenamtliche Fluglehrerin auf dem R\u00fccksitz eines Schulungsdoppelsitzers. Au\u00dferdem macht mir das Streckenfliegen Spa\u00df, vor allem das [&hellip;]","og_url":"https:\/\/cbhilltranslations.com\/de\/the-soaring-engine","og_site_name":"CHill Communicates","article_publisher":"https:\/\/www.facebook.com\/CBHillTranslations\/","article_modified_time":"2025-04-11T13:49:38+00:00","og_image":[{"width":1905,"height":3027,"url":"https:\/\/cbhilltranslations.com\/wp-content\/uploads\/2019\/01\/SE1-DE-1.0-Titelblatt.jpg","type":"image\/jpeg"}],"twitter_card":"summary_large_image","twitter_site":"@chilltrans","twitter_misc":{"Gesch\u00e4tzte Lesezeit":"2\u00a0Minuten"},"schema":{"@context":"https:\/\/schema.org","@graph":[{"@type":"WebPage","@id":"https:\/\/cbhilltranslations.com\/de\/the-soaring-engine","url":"https:\/\/cbhilltranslations.com\/de\/the-soaring-engine","name":"The Soaring Engine - CHill Communicates","isPartOf":{"@id":"https:\/\/cbhilltranslations.com\/#website"},"primaryImageOfPage":{"@id":"https:\/\/cbhilltranslations.com\/de\/the-soaring-engine#primaryimage"},"image":{"@id":"https:\/\/cbhilltranslations.com\/de\/the-soaring-engine#primaryimage"},"thumbnailUrl":"https:\/\/cbhilltranslations.com\/wp-content\/uploads\/2019\/01\/SE1-DE-1.0-Titelblatt-644x1024.jpg","datePublished":"2019-01-22T08:04:42+00:00","dateModified":"2025-04-11T13:49:38+00:00","breadcrumb":{"@id":"https:\/\/cbhilltranslations.com\/de\/the-soaring-engine#breadcrumb"},"inLanguage":"de","potentialAction":[{"@type":"ReadAction","target":["https:\/\/cbhilltranslations.com\/de\/the-soaring-engine"]}]},{"@type":"ImageObject","inLanguage":"de","@id":"https:\/\/cbhilltranslations.com\/de\/the-soaring-engine#primaryimage","url":"https:\/\/cbhilltranslations.com\/wp-content\/uploads\/2019\/01\/SE1-DE-1.0-Titelblatt-644x1024.jpg","contentUrl":"https:\/\/cbhilltranslations.com\/wp-content\/uploads\/2019\/01\/SE1-DE-1.0-Titelblatt-644x1024.jpg"},{"@type":"BreadcrumbList","@id":"https:\/\/cbhilltranslations.com\/de\/the-soaring-engine#breadcrumb","itemListElement":[{"@type":"ListItem","position":1,"name":"Home","item":"https:\/\/cbhilltranslations.com\/de"},{"@type":"ListItem","position":2,"name":"The Soaring Engine"}]},{"@type":"WebSite","@id":"https:\/\/cbhilltranslations.com\/#website","url":"https:\/\/cbhilltranslations.com\/","name":"CHill Communicates","description":"Project Management, Consulting, Communication. In English and in German.","potentialAction":[{"@type":"SearchAction","target":{"@type":"EntryPoint","urlTemplate":"https:\/\/cbhilltranslations.com\/?s={search_term_string}"},"query-input":{"@type":"PropertyValueSpecification","valueRequired":true,"valueName":"search_term_string"}}],"inLanguage":"de"}]}},"_links":{"self":[{"href":"https:\/\/cbhilltranslations.com\/de\/wp-json\/wp\/v2\/pages\/141","targetHints":{"allow":["GET"]}}],"collection":[{"href":"https:\/\/cbhilltranslations.com\/de\/wp-json\/wp\/v2\/pages"}],"about":[{"href":"https:\/\/cbhilltranslations.com\/de\/wp-json\/wp\/v2\/types\/page"}],"author":[{"embeddable":true,"href":"https:\/\/cbhilltranslations.com\/de\/wp-json\/wp\/v2\/users\/1"}],"replies":[{"embeddable":true,"href":"https:\/\/cbhilltranslations.com\/de\/wp-json\/wp\/v2\/comments?post=141"}],"version-history":[{"count":41,"href":"https:\/\/cbhilltranslations.com\/de\/wp-json\/wp\/v2\/pages\/141\/revisions"}],"predecessor-version":[{"id":714,"href":"https:\/\/cbhilltranslations.com\/de\/wp-json\/wp\/v2\/pages\/141\/revisions\/714"}],"wp:attachment":[{"href":"https:\/\/cbhilltranslations.com\/de\/wp-json\/wp\/v2\/media?parent=141"}],"curies":[{"name":"wp","href":"https:\/\/api.w.org\/{rel}","templated":true}]}}