{"id":34,"date":"2018-12-04T13:43:02","date_gmt":"2018-12-04T13:43:02","guid":{"rendered":"http:\/\/cbhilltranslations.eu\/?page_id=34"},"modified":"2023-12-13T14:03:24","modified_gmt":"2023-12-13T14:03:24","slug":"datenschutzerklaerung","status":"publish","type":"page","link":"https:\/\/cbhilltranslations.com\/de\/datenschutzerklaerung","title":{"rendered":"Datenschutz"},"content":{"rendered":"<p><span style=\"font-family: helvetica, arial, sans-serif; font-size: 12pt;\">Webadresse: https:\/\/cbhilltranslations.com.<\/span><\/p>\n<h3><span style=\"font-family: helvetica, arial, sans-serif; font-size: 12pt;\">Wer sind wir?<\/span><\/h3>\n<p><span style=\"font-family: helvetica, arial, sans-serif; font-size: 12pt;\">C. B. Hill Translations bietet \u00dcbersetzungs- und Lokalisierungsdienstleistungen aus dem Englischen ins Deutsche (und manchmal aus dem Deutschen ins Englische) an.<\/span><\/p>\n<p><span style=\"font-family: helvetica, arial, sans-serif; font-size: 12pt;\">Dabei handhaben wir gezwungenerma\u00dfen auch ein paar Kontaktangaben von Kund:innen und Kolleg:innen, allerdings nur im Rahmen der \u00dcbersetzungsprojekte, die wir f\u00fcr Sie bearbeiten.<\/span><\/p>\n<h3><span style=\"font-family: helvetica, arial, sans-serif; font-size: 12pt;\">Welche Informationen erheben wir?<\/span><\/h3>\n<p><span style=\"font-family: helvetica, arial, sans-serif; font-size: 12pt;\">Wenn Sie eine Anfrage bez\u00fcglich eines Angebots oder \u00dcbersetzungsprojekts, bez\u00fcglich Beratungsdiensten oder aus einem anderen Grund an uns senden oder Korrespondenz von uns beantworten, senden Sie uns dabei auch Ihre Kontaktangaben (z.\u00a0B. Ihren Namen, Ihre E-Mail-Adresse, Telefonnummer und die Postadresse Ihres Unternehmens).<\/span><\/p>\n<h3><span style=\"font-family: helvetica, arial, sans-serif; font-size: 12pt;\">Warum erheben wir diese Informationen?<\/span><\/h3>\n<p><span style=\"font-family: helvetica, arial, sans-serif; font-size: 12pt;\">Diese Kontaktangaben verwenden wir ausschlie\u00dflich zur Kommunikation mit Ihnen im Zusammenhang mit der Projektarbeit, die wir f\u00fcr Sie ausf\u00fchren. Wir leiten Ihre Kontaktangaben an niemanden au\u00dferhalb Ihres Unternehmens oder au\u00dferhalb von C. B. Hill Translations weiter, es sei denn, Sie bitten uns ausdr\u00fccklich darum oder geben uns ausdr\u00fcckliche Erlaubnis dazu.<\/span><\/p>\n<h3><span style=\"font-family: helvetica, arial, sans-serif; font-size: 12pt;\">Wie sch\u00fctzen wir Ihre Informationen?<\/span><\/h3>\n<p><span style=\"font-family: helvetica, arial, sans-serif; font-size: 12pt;\">Der Schutz Ihrer Informationen ist uns wichtig. Um die Sicherheit Ihrer Informationen zu gew\u00e4hrleisten und den Zugriff auf die Informationen durch Unbefugte zu verhindern, setzen wir geeignete physische und elektronische Sicherheitsverfahren ein.<\/span><\/p>\n<h3><span style=\"font-family: helvetica, arial, sans-serif; font-size: 12pt;\">Wie lange bewahren wir Ihre Informationen auf?<\/span><\/h3>\n<p><span style=\"font-family: helvetica, arial, sans-serif; font-size: 12pt;\">Wie durch die britische Steuerbeh\u00f6rde (HMRC) vorgeschrieben und zum Nachweis bei Rechtsstreitigkeiten bewahren wir gesch\u00e4ftsrelevante Informationen sechs Jahre lang auf.<\/span><\/p>\n<h3><span style=\"font-family: helvetica, arial, sans-serif; font-size: 12pt;\">Zugang zu Ihren pers\u00f6nlichen Informationen<\/span><\/h3>\n<p><span style=\"font-family: helvetica, arial, sans-serif; font-size: 12pt;\">Sie haben das Recht, die pers\u00f6nlichen Informationen, die wir \u00fcber Sie gespeichert haben, einzusehen, zu \u00e4ndern oder zu l\u00f6schen. Wenden Sie sich dazu per E-Mail an claudia@cbhilltranslations.com.<\/span><\/p>\n<h3><span lang=\"DE\" style=\"font-family: helvetica, arial, sans-serif; font-size: 12pt;\">\u00c4nderungen an der Datenschutzerkl\u00e4rung<\/span><\/h3>\n<p><span lang=\"DE\" style=\"font-family: helvetica, arial, sans-serif; font-size: 12pt;\">Diese Datenschutzerkl\u00e4rung wurde im Mai 2018 erstellt und wird regelm\u00e4\u00dfig, mindestens aber einmal im Jahr, gepr\u00fcft (zuletzt am 13.12.2023).<\/span><\/p>\n","protected":false},"excerpt":{"rendered":"<p>Webadresse: https:\/\/cbhilltranslations.com. Wer sind wir? C. B. Hill Translations bietet \u00dcbersetzungs- und Lokalisierungsdienstleistungen aus dem Englischen ins Deutsche (und manchmal aus dem Deutschen ins Englische) an. Dabei handhaben wir gezwungenerma\u00dfen auch ein paar Kontaktangaben von Kund:innen und Kolleg:innen, allerdings nur im Rahmen der \u00dcbersetzungsprojekte, die wir f\u00fcr Sie bearbeiten. Welche Informationen erheben wir? Wenn Sie [&hellip;]<\/p>\n","protected":false},"author":1,"featured_media":0,"parent":0,"menu_order":0,"comment_status":"closed","ping_status":"closed","template":"template-content.php","meta":{"content-type":"","footnotes":""},"class_list":["post-34","page","type-page","status-publish","hentry"],"yoast_head":"<!-- This site is optimized with the Yoast SEO plugin v27.3 - https:\/\/yoast.com\/product\/yoast-seo-wordpress\/ -->\n<title>Datenschutz - CHill Communicates<\/title>\n<meta name=\"description\" content=\"Datenschutzerkl\u00e4rung von C. B. Hill Translations: Welche Daten sammeln wir, und wof\u00fcr werden diese Daten genutzt?\" \/>\n<meta name=\"robots\" content=\"index, follow, max-snippet:-1, max-image-preview:large, max-video-preview:-1\" \/>\n<link rel=\"canonical\" href=\"https:\/\/cbhilltranslations.com\/de\/datenschutzerklaerung\" \/>\n<meta property=\"og:locale\" content=\"de_DE\" \/>\n<meta property=\"og:type\" content=\"article\" \/>\n<meta property=\"og:title\" content=\"Datenschutz - CHill Communicates\" \/>\n<meta property=\"og:description\" content=\"Datenschutzerkl\u00e4rung von C. B. Hill Translations: Welche Daten sammeln wir, und wof\u00fcr werden diese Daten genutzt?\" \/>\n<meta property=\"og:url\" content=\"https:\/\/cbhilltranslations.com\/de\/datenschutzerklaerung\" \/>\n<meta property=\"og:site_name\" content=\"CHill Communicates\" \/>\n<meta property=\"article:publisher\" content=\"https:\/\/www.facebook.com\/CBHillTranslations\/\" \/>\n<meta property=\"article:modified_time\" content=\"2023-12-13T14:03:24+00:00\" \/>\n<meta name=\"twitter:card\" content=\"summary_large_image\" \/>\n<meta name=\"twitter:site\" content=\"@chilltrans\" \/>\n<meta name=\"twitter:label1\" content=\"Gesch\u00e4tzte Lesezeit\" \/>\n\t<meta name=\"twitter:data1\" content=\"2\u00a0Minuten\" \/>\n<script type=\"application\/ld+json\" class=\"yoast-schema-graph\">{\"@context\":\"https:\\\/\\\/schema.org\",\"@graph\":[{\"@type\":\"WebPage\",\"@id\":\"https:\\\/\\\/cbhilltranslations.com\\\/de\\\/datenschutzerklaerung\",\"url\":\"https:\\\/\\\/cbhilltranslations.com\\\/de\\\/datenschutzerklaerung\",\"name\":\"Datenschutz - CHill Communicates\",\"isPartOf\":{\"@id\":\"https:\\\/\\\/cbhilltranslations.com\\\/#website\"},\"datePublished\":\"2018-12-04T13:43:02+00:00\",\"dateModified\":\"2023-12-13T14:03:24+00:00\",\"description\":\"Datenschutzerkl\u00e4rung von C. B. Hill Translations: Welche Daten sammeln wir, und wof\u00fcr werden diese Daten genutzt?\",\"breadcrumb\":{\"@id\":\"https:\\\/\\\/cbhilltranslations.com\\\/de\\\/datenschutzerklaerung#breadcrumb\"},\"inLanguage\":\"de\",\"potentialAction\":[{\"@type\":\"ReadAction\",\"target\":[\"https:\\\/\\\/cbhilltranslations.com\\\/de\\\/datenschutzerklaerung\"]}]},{\"@type\":\"BreadcrumbList\",\"@id\":\"https:\\\/\\\/cbhilltranslations.com\\\/de\\\/datenschutzerklaerung#breadcrumb\",\"itemListElement\":[{\"@type\":\"ListItem\",\"position\":1,\"name\":\"Home\",\"item\":\"https:\\\/\\\/cbhilltranslations.com\\\/de\"},{\"@type\":\"ListItem\",\"position\":2,\"name\":\"Datenschutz\"}]},{\"@type\":\"WebSite\",\"@id\":\"https:\\\/\\\/cbhilltranslations.com\\\/#website\",\"url\":\"https:\\\/\\\/cbhilltranslations.com\\\/\",\"name\":\"CHill Communicates\",\"description\":\"Project Management, Consulting, Communication. In English and in German.\",\"potentialAction\":[{\"@type\":\"SearchAction\",\"target\":{\"@type\":\"EntryPoint\",\"urlTemplate\":\"https:\\\/\\\/cbhilltranslations.com\\\/?s={search_term_string}\"},\"query-input\":{\"@type\":\"PropertyValueSpecification\",\"valueRequired\":true,\"valueName\":\"search_term_string\"}}],\"inLanguage\":\"de\"}]}<\/script>\n<!-- \/ Yoast SEO plugin. -->","yoast_head_json":{"title":"Datenschutz - CHill Communicates","description":"Datenschutzerkl\u00e4rung von C. B. Hill Translations: Welche Daten sammeln wir, und wof\u00fcr werden diese Daten genutzt?","robots":{"index":"index","follow":"follow","max-snippet":"max-snippet:-1","max-image-preview":"max-image-preview:large","max-video-preview":"max-video-preview:-1"},"canonical":"https:\/\/cbhilltranslations.com\/de\/datenschutzerklaerung","og_locale":"de_DE","og_type":"article","og_title":"Datenschutz - CHill Communicates","og_description":"Datenschutzerkl\u00e4rung von C. B. Hill Translations: Welche Daten sammeln wir, und wof\u00fcr werden diese Daten genutzt?","og_url":"https:\/\/cbhilltranslations.com\/de\/datenschutzerklaerung","og_site_name":"CHill Communicates","article_publisher":"https:\/\/www.facebook.com\/CBHillTranslations\/","article_modified_time":"2023-12-13T14:03:24+00:00","twitter_card":"summary_large_image","twitter_site":"@chilltrans","twitter_misc":{"Gesch\u00e4tzte Lesezeit":"2\u00a0Minuten"},"schema":{"@context":"https:\/\/schema.org","@graph":[{"@type":"WebPage","@id":"https:\/\/cbhilltranslations.com\/de\/datenschutzerklaerung","url":"https:\/\/cbhilltranslations.com\/de\/datenschutzerklaerung","name":"Datenschutz - CHill Communicates","isPartOf":{"@id":"https:\/\/cbhilltranslations.com\/#website"},"datePublished":"2018-12-04T13:43:02+00:00","dateModified":"2023-12-13T14:03:24+00:00","description":"Datenschutzerkl\u00e4rung von C. B. Hill Translations: Welche Daten sammeln wir, und wof\u00fcr werden diese Daten genutzt?","breadcrumb":{"@id":"https:\/\/cbhilltranslations.com\/de\/datenschutzerklaerung#breadcrumb"},"inLanguage":"de","potentialAction":[{"@type":"ReadAction","target":["https:\/\/cbhilltranslations.com\/de\/datenschutzerklaerung"]}]},{"@type":"BreadcrumbList","@id":"https:\/\/cbhilltranslations.com\/de\/datenschutzerklaerung#breadcrumb","itemListElement":[{"@type":"ListItem","position":1,"name":"Home","item":"https:\/\/cbhilltranslations.com\/de"},{"@type":"ListItem","position":2,"name":"Datenschutz"}]},{"@type":"WebSite","@id":"https:\/\/cbhilltranslations.com\/#website","url":"https:\/\/cbhilltranslations.com\/","name":"CHill Communicates","description":"Project Management, Consulting, Communication. In English and in German.","potentialAction":[{"@type":"SearchAction","target":{"@type":"EntryPoint","urlTemplate":"https:\/\/cbhilltranslations.com\/?s={search_term_string}"},"query-input":{"@type":"PropertyValueSpecification","valueRequired":true,"valueName":"search_term_string"}}],"inLanguage":"de"}]}},"_links":{"self":[{"href":"https:\/\/cbhilltranslations.com\/de\/wp-json\/wp\/v2\/pages\/34","targetHints":{"allow":["GET"]}}],"collection":[{"href":"https:\/\/cbhilltranslations.com\/de\/wp-json\/wp\/v2\/pages"}],"about":[{"href":"https:\/\/cbhilltranslations.com\/de\/wp-json\/wp\/v2\/types\/page"}],"author":[{"embeddable":true,"href":"https:\/\/cbhilltranslations.com\/de\/wp-json\/wp\/v2\/users\/1"}],"replies":[{"embeddable":true,"href":"https:\/\/cbhilltranslations.com\/de\/wp-json\/wp\/v2\/comments?post=34"}],"version-history":[{"count":10,"href":"https:\/\/cbhilltranslations.com\/de\/wp-json\/wp\/v2\/pages\/34\/revisions"}],"predecessor-version":[{"id":663,"href":"https:\/\/cbhilltranslations.com\/de\/wp-json\/wp\/v2\/pages\/34\/revisions\/663"}],"wp:attachment":[{"href":"https:\/\/cbhilltranslations.com\/de\/wp-json\/wp\/v2\/media?parent=34"}],"curies":[{"name":"wp","href":"https:\/\/api.w.org\/{rel}","templated":true}]}}