{"id":38,"date":"2018-12-04T13:35:45","date_gmt":"2018-12-04T13:35:45","guid":{"rendered":"http:\/\/cbhilltranslations.eu\/?page_id=38"},"modified":"2021-03-12T15:17:52","modified_gmt":"2021-03-12T15:17:52","slug":"testimonials-samples","status":"publish","type":"page","link":"https:\/\/cbhilltranslations.com\/de\/testimonials-samples","title":{"rendered":"Kundenstimmen &#038; Arbeitsproben"},"content":{"rendered":"\n<h2 class=\"wp-block-heading\"><span style=\"font-size: 20px; font-family: helvetica, arial, sans-serif;\"><strong><strong>Was meine Kunden \u00fcber mich sagen<\/strong><\/strong><\/span><\/h2>\n\n\n\n<blockquote class=\"wp-block-quote is-layout-flow wp-block-quote-is-layout-flow\"><p><span style=\"font-size: 16px; font-family: helvetica, arial, sans-serif;\">\u201cClaudia is an exceptionally talented translator and reviewer.&nbsp; Her ability to take source content and adapt it with creativity, so that it reads as if it had been written in German for a specific target market, is really a wonderful skill. It is not an easy thing to do and there are many translators and reviewers who believe they are able to render translations creatively but Claudia is at a different level.<br>She is very engaging to work with, able to be easy going but extremely professional. I think the difference is that Claudia genuinely cares. She\u2019s invested personally and that level of attention to detail makes all the difference.&nbsp; Claudia is a pleasure to work with!\u201d<\/span> <\/p><p><span style=\"font-size: 16px; font-family: helvetica, arial, sans-serif;\">\u00dcbersetzung: \u201eClaudia ist eine hochtalentierte \u00dcbersetzerin und Lektorin. Sie besitzt die seltene F\u00e4higkeit, einen Ausgangstext mit der n\u00f6tigen Kreativit\u00e4t so ins Deutsche zu \u00fcbertragen, dass er sich ganz nat\u00fcrlich liest \u2013 als sei er auf Deutsch f\u00fcr eine bestimmte Zielgruppe geschrieben worden. Und das ist nicht einfach \u2013 es gibt viele \u00dcbersetzer und Lektoren, die glauben, kreativ \u00fcbersetzen zu k\u00f6nnen, aber Claudia arbeitet wirklich auf h\u00f6chstem Niveau. Die Zusammenarbeit mit ihr ist sehr angenehm: unkompliziert, aber zugleich sehr professionell. Claudia ist mit viel Herzblut und Liebe zum Detail bei der Arbeit. Das macht sie so einzigartig und sorgt f\u00fcr die entsprechenden Resultate. Ich arbeite sehr gern mit Claudia zusammen!\u201c<\/span><\/p><cite>Lokalisierungsprojektmanagerin, globaler Anbieter von Filehosting-Diensten und Collaboration-Tools, Dublin, Irland, 2018<\/cite><\/blockquote>\n\n\n\n<p><\/p>\n\n\n\n<blockquote class=\"wp-block-quote is-layout-flow wp-block-quote-is-layout-flow\"><p><span style=\"font-size: 16px; font-family: helvetica, arial, sans-serif;\">\u201eHallo Claudia, ich bin mir fast sicher, dass direkte E-Mails zwischen Reviewer und Translator nicht \u00fcblich sind, aber ich habe das von Ihnen \u00fcbersetzte Riesenprojekt (30.000 W\u00f6rter) als Reviewer gepr\u00fcft und m\u00f6chte mich nur kurz f\u00fcr die exzellente, sehr professionelle Arbeit bedanken. Ich habe zwar hier und da etwas ge\u00e4ndert, aber richtige Fehler habe ich kaum gefunden. Also, nochmals vielen Dank f\u00fcr die gute Arbeit.\u201c<\/span><span style=\"font-size: 16px; font-family: helvetica, arial, sans-serif;\"><\/span><\/p><cite>Deutsche Korrektorin, multinationales Technologieunternehmen (Cloud-Computing), Kalifornien, USA, 2015<\/cite><\/blockquote>\n\n\n\n<p><span style=\"font-size: 16px; font-family: helvetica, arial, sans-serif;\"><\/span><\/p>\n\n\n\n<blockquote class=\"wp-block-quote has-text-align-left is-layout-flow wp-block-quote-is-layout-flow\"><p><span style=\"font-size: 16px; font-family: helvetica, arial, sans-serif;\">\u201eHallo Claudia, ich wollte dich nur wissen lassen, dass der Kunde sehr zufrieden war mit der Whitepaper-\u00dcbersetzung von letzter Woche (Zitat: \u201aThe quality of the translation was again excellent. I have just a few changes.\u2018). Vielen Dank also f\u00fcr die gute Hilfe.\u201c<\/span><\/p><cite>Deutscher Korrektor, IT-Unternehmen, Maidenhead, Gro\u00dfbritannien, 2014<\/cite><\/blockquote>\n\n\n\n<p><\/p>\n\n\n\n<p><span style=\"font-size: 16px; font-family: helvetica, arial, sans-serif;\">Weitere R\u00fcckmeldungen zu meiner Arbeit finden Sie in meinem<\/span> <span style=\"font-size: 16px; font-family: helvetica, arial, sans-serif;\"><a href=\"https:\/\/www.linkedin.com\/in\/cbhilltranslations\/?locale=de_DE\" target=\"_blank\" rel=\"noreferrer noopener nofollow\">LinkedIn<\/a>-Profil. <\/span><\/p>\n\n\n\n<p><\/p>\n\n\n\n<hr class=\"wp-block-separator\"\/>\n\n\n\n<hr class=\"wp-block-separator\"\/>\n\n\n\n<h2 class=\"wp-block-heading\"><strong>Arbeitsproben<\/strong><\/h2>\n\n\n\n<h3 class=\"wp-block-heading\"><a href=\"https:\/\/cbhilltranslations.com\/de\/the-soaring-engine\" target=\"_blank\" rel=\"noreferrer noopener\">The Soaring Engine Band 1<\/a> \u2013 vom Englischen ins Deutsche \u00fcbersetzt<\/h3>\n\n\n\n<p><\/p>\n\n\n\n<figure class=\"wp-block-image size-full is-style-default\"><img loading=\"lazy\" decoding=\"async\" width=\"1654\" height=\"2560\" src=\"https:\/\/cbhilltranslations.com\/wp-content\/uploads\/2021\/02\/SE1-EN-DE-3.03-sample-pp-iv-v-scaled.jpg\" alt=\"Sample translation of The Soaring Engine Vol. 1\" class=\"wp-image-569\" srcset=\"https:\/\/cbhilltranslations.com\/wp-content\/uploads\/2021\/02\/SE1-EN-DE-3.03-sample-pp-iv-v-scaled.jpg 1654w, https:\/\/cbhilltranslations.com\/wp-content\/uploads\/2021\/02\/SE1-EN-DE-3.03-sample-pp-iv-v-194x300.jpg 194w, https:\/\/cbhilltranslations.com\/wp-content\/uploads\/2021\/02\/SE1-EN-DE-3.03-sample-pp-iv-v-662x1024.jpg 662w, https:\/\/cbhilltranslations.com\/wp-content\/uploads\/2021\/02\/SE1-EN-DE-3.03-sample-pp-iv-v-768x1189.jpg 768w, https:\/\/cbhilltranslations.com\/wp-content\/uploads\/2021\/02\/SE1-EN-DE-3.03-sample-pp-iv-v-992x1536.jpg 992w, https:\/\/cbhilltranslations.com\/wp-content\/uploads\/2021\/02\/SE1-EN-DE-3.03-sample-pp-iv-v-1323x2048.jpg 1323w\" sizes=\"auto, (max-width: 1654px) 100vw, 1654px\" \/><\/figure>\n\n\n\n<figure class=\"wp-block-image size-full\"><img loading=\"lazy\" decoding=\"async\" width=\"2560\" height=\"1958\" src=\"https:\/\/cbhilltranslations.com\/wp-content\/uploads\/2021\/02\/SE1-EN-DE-3.03-sample-page-116-scaled.jpg\" alt=\"Sample translation of The Soaring Engine Vol. 1\" class=\"wp-image-565\" srcset=\"https:\/\/cbhilltranslations.com\/wp-content\/uploads\/2021\/02\/SE1-EN-DE-3.03-sample-page-116-scaled.jpg 2560w, https:\/\/cbhilltranslations.com\/wp-content\/uploads\/2021\/02\/SE1-EN-DE-3.03-sample-page-116-300x229.jpg 300w, https:\/\/cbhilltranslations.com\/wp-content\/uploads\/2021\/02\/SE1-EN-DE-3.03-sample-page-116-1024x783.jpg 1024w, https:\/\/cbhilltranslations.com\/wp-content\/uploads\/2021\/02\/SE1-EN-DE-3.03-sample-page-116-768x587.jpg 768w, https:\/\/cbhilltranslations.com\/wp-content\/uploads\/2021\/02\/SE1-EN-DE-3.03-sample-page-116-1536x1175.jpg 1536w, https:\/\/cbhilltranslations.com\/wp-content\/uploads\/2021\/02\/SE1-EN-DE-3.03-sample-page-116-2048x1566.jpg 2048w\" sizes=\"auto, (max-width: 2560px) 100vw, 2560px\" \/><\/figure>\n\n\n\n<figure class=\"wp-block-image size-full\"><img loading=\"lazy\" decoding=\"async\" width=\"2560\" height=\"1958\" src=\"https:\/\/cbhilltranslations.com\/wp-content\/uploads\/2021\/02\/SE1-EN-DE-3.03-sample-page-117-scaled.jpg\" alt=\"Sample translation of The Soaring Engine Vol. 1\" class=\"wp-image-567\" srcset=\"https:\/\/cbhilltranslations.com\/wp-content\/uploads\/2021\/02\/SE1-EN-DE-3.03-sample-page-117-scaled.jpg 2560w, https:\/\/cbhilltranslations.com\/wp-content\/uploads\/2021\/02\/SE1-EN-DE-3.03-sample-page-117-300x229.jpg 300w, https:\/\/cbhilltranslations.com\/wp-content\/uploads\/2021\/02\/SE1-EN-DE-3.03-sample-page-117-1024x783.jpg 1024w, https:\/\/cbhilltranslations.com\/wp-content\/uploads\/2021\/02\/SE1-EN-DE-3.03-sample-page-117-768x587.jpg 768w, https:\/\/cbhilltranslations.com\/wp-content\/uploads\/2021\/02\/SE1-EN-DE-3.03-sample-page-117-1536x1175.jpg 1536w, https:\/\/cbhilltranslations.com\/wp-content\/uploads\/2021\/02\/SE1-EN-DE-3.03-sample-page-117-2048x1566.jpg 2048w\" sizes=\"auto, (max-width: 2560px) 100vw, 2560px\" \/><\/figure>\n\n\n","protected":false},"excerpt":{"rendered":"<p>Was meine Kunden \u00fcber mich sagen \u201cClaudia is an exceptionally talented translator and reviewer.&nbsp; Her ability to take source content and adapt it with creativity, so that it reads as if it had been written in German for a specific target market, is really a wonderful skill. It is not an easy thing to do [&hellip;]<\/p>\n","protected":false},"author":1,"featured_media":0,"parent":0,"menu_order":0,"comment_status":"closed","ping_status":"closed","template":"template-content.php","meta":{"content-type":"","footnotes":""},"class_list":["post-38","page","type-page","status-publish","hentry"],"yoast_head":"<!-- This site is optimized with the Yoast SEO plugin v27.3 - https:\/\/yoast.com\/product\/yoast-seo-wordpress\/ -->\n<title>Kundenstimmen &amp; Arbeitsproben - CHill Communicates<\/title>\n<meta name=\"description\" content=\"Hier finden Sie einige Kundenstimmen zu meinen \u00dcbersetzungen sowie ein paar Arbeitsproben.\" \/>\n<meta name=\"robots\" content=\"index, follow, max-snippet:-1, max-image-preview:large, max-video-preview:-1\" \/>\n<link rel=\"canonical\" href=\"https:\/\/cbhilltranslations.com\/de\/testimonials-samples\" \/>\n<meta property=\"og:locale\" content=\"de_DE\" \/>\n<meta property=\"og:type\" content=\"article\" \/>\n<meta property=\"og:title\" content=\"Kundenstimmen &amp; Arbeitsproben - CHill Communicates\" \/>\n<meta property=\"og:description\" content=\"Hier finden Sie einige Kundenstimmen zu meinen \u00dcbersetzungen sowie ein paar Arbeitsproben.\" \/>\n<meta property=\"og:url\" content=\"https:\/\/cbhilltranslations.com\/de\/testimonials-samples\" \/>\n<meta property=\"og:site_name\" content=\"CHill Communicates\" \/>\n<meta property=\"article:publisher\" content=\"https:\/\/www.facebook.com\/CBHillTranslations\/\" \/>\n<meta property=\"article:modified_time\" content=\"2021-03-12T15:17:52+00:00\" \/>\n<meta property=\"og:image\" content=\"https:\/\/cbhilltranslations.com\/wp-content\/uploads\/2021\/02\/SE1-EN-DE-3.03-sample-pp-iv-v-scaled.jpg\" \/>\n<meta name=\"twitter:card\" content=\"summary_large_image\" \/>\n<meta name=\"twitter:site\" content=\"@chilltrans\" \/>\n<meta name=\"twitter:label1\" content=\"Gesch\u00e4tzte Lesezeit\" \/>\n\t<meta name=\"twitter:data1\" content=\"3\u00a0Minuten\" \/>\n<script type=\"application\/ld+json\" class=\"yoast-schema-graph\">{\"@context\":\"https:\\\/\\\/schema.org\",\"@graph\":[{\"@type\":\"WebPage\",\"@id\":\"https:\\\/\\\/cbhilltranslations.com\\\/de\\\/testimonials-samples\",\"url\":\"https:\\\/\\\/cbhilltranslations.com\\\/de\\\/testimonials-samples\",\"name\":\"Kundenstimmen & Arbeitsproben - CHill Communicates\",\"isPartOf\":{\"@id\":\"https:\\\/\\\/cbhilltranslations.com\\\/#website\"},\"primaryImageOfPage\":{\"@id\":\"https:\\\/\\\/cbhilltranslations.com\\\/de\\\/testimonials-samples#primaryimage\"},\"image\":{\"@id\":\"https:\\\/\\\/cbhilltranslations.com\\\/de\\\/testimonials-samples#primaryimage\"},\"thumbnailUrl\":\"https:\\\/\\\/cbhilltranslations.com\\\/wp-content\\\/uploads\\\/2021\\\/02\\\/SE1-EN-DE-3.03-sample-pp-iv-v-scaled.jpg\",\"datePublished\":\"2018-12-04T13:35:45+00:00\",\"dateModified\":\"2021-03-12T15:17:52+00:00\",\"description\":\"Hier finden Sie einige Kundenstimmen zu meinen \u00dcbersetzungen sowie ein paar Arbeitsproben.\",\"breadcrumb\":{\"@id\":\"https:\\\/\\\/cbhilltranslations.com\\\/de\\\/testimonials-samples#breadcrumb\"},\"inLanguage\":\"de\",\"potentialAction\":[{\"@type\":\"ReadAction\",\"target\":[\"https:\\\/\\\/cbhilltranslations.com\\\/de\\\/testimonials-samples\"]}]},{\"@type\":\"ImageObject\",\"inLanguage\":\"de\",\"@id\":\"https:\\\/\\\/cbhilltranslations.com\\\/de\\\/testimonials-samples#primaryimage\",\"url\":\"https:\\\/\\\/cbhilltranslations.com\\\/wp-content\\\/uploads\\\/2021\\\/02\\\/SE1-EN-DE-3.03-sample-pp-iv-v-scaled.jpg\",\"contentUrl\":\"https:\\\/\\\/cbhilltranslations.com\\\/wp-content\\\/uploads\\\/2021\\\/02\\\/SE1-EN-DE-3.03-sample-pp-iv-v-scaled.jpg\"},{\"@type\":\"BreadcrumbList\",\"@id\":\"https:\\\/\\\/cbhilltranslations.com\\\/de\\\/testimonials-samples#breadcrumb\",\"itemListElement\":[{\"@type\":\"ListItem\",\"position\":1,\"name\":\"Home\",\"item\":\"https:\\\/\\\/cbhilltranslations.com\\\/de\"},{\"@type\":\"ListItem\",\"position\":2,\"name\":\"Kundenstimmen &#038; Arbeitsproben\"}]},{\"@type\":\"WebSite\",\"@id\":\"https:\\\/\\\/cbhilltranslations.com\\\/#website\",\"url\":\"https:\\\/\\\/cbhilltranslations.com\\\/\",\"name\":\"CHill Communicates\",\"description\":\"Project Management, Consulting, Communication. In English and in German.\",\"potentialAction\":[{\"@type\":\"SearchAction\",\"target\":{\"@type\":\"EntryPoint\",\"urlTemplate\":\"https:\\\/\\\/cbhilltranslations.com\\\/?s={search_term_string}\"},\"query-input\":{\"@type\":\"PropertyValueSpecification\",\"valueRequired\":true,\"valueName\":\"search_term_string\"}}],\"inLanguage\":\"de\"}]}<\/script>\n<!-- \/ Yoast SEO plugin. -->","yoast_head_json":{"title":"Kundenstimmen & Arbeitsproben - CHill Communicates","description":"Hier finden Sie einige Kundenstimmen zu meinen \u00dcbersetzungen sowie ein paar Arbeitsproben.","robots":{"index":"index","follow":"follow","max-snippet":"max-snippet:-1","max-image-preview":"max-image-preview:large","max-video-preview":"max-video-preview:-1"},"canonical":"https:\/\/cbhilltranslations.com\/de\/testimonials-samples","og_locale":"de_DE","og_type":"article","og_title":"Kundenstimmen & Arbeitsproben - CHill Communicates","og_description":"Hier finden Sie einige Kundenstimmen zu meinen \u00dcbersetzungen sowie ein paar Arbeitsproben.","og_url":"https:\/\/cbhilltranslations.com\/de\/testimonials-samples","og_site_name":"CHill Communicates","article_publisher":"https:\/\/www.facebook.com\/CBHillTranslations\/","article_modified_time":"2021-03-12T15:17:52+00:00","og_image":[{"url":"https:\/\/cbhilltranslations.com\/wp-content\/uploads\/2021\/02\/SE1-EN-DE-3.03-sample-pp-iv-v-scaled.jpg","type":"","width":"","height":""}],"twitter_card":"summary_large_image","twitter_site":"@chilltrans","twitter_misc":{"Gesch\u00e4tzte Lesezeit":"3\u00a0Minuten"},"schema":{"@context":"https:\/\/schema.org","@graph":[{"@type":"WebPage","@id":"https:\/\/cbhilltranslations.com\/de\/testimonials-samples","url":"https:\/\/cbhilltranslations.com\/de\/testimonials-samples","name":"Kundenstimmen & Arbeitsproben - CHill Communicates","isPartOf":{"@id":"https:\/\/cbhilltranslations.com\/#website"},"primaryImageOfPage":{"@id":"https:\/\/cbhilltranslations.com\/de\/testimonials-samples#primaryimage"},"image":{"@id":"https:\/\/cbhilltranslations.com\/de\/testimonials-samples#primaryimage"},"thumbnailUrl":"https:\/\/cbhilltranslations.com\/wp-content\/uploads\/2021\/02\/SE1-EN-DE-3.03-sample-pp-iv-v-scaled.jpg","datePublished":"2018-12-04T13:35:45+00:00","dateModified":"2021-03-12T15:17:52+00:00","description":"Hier finden Sie einige Kundenstimmen zu meinen \u00dcbersetzungen sowie ein paar Arbeitsproben.","breadcrumb":{"@id":"https:\/\/cbhilltranslations.com\/de\/testimonials-samples#breadcrumb"},"inLanguage":"de","potentialAction":[{"@type":"ReadAction","target":["https:\/\/cbhilltranslations.com\/de\/testimonials-samples"]}]},{"@type":"ImageObject","inLanguage":"de","@id":"https:\/\/cbhilltranslations.com\/de\/testimonials-samples#primaryimage","url":"https:\/\/cbhilltranslations.com\/wp-content\/uploads\/2021\/02\/SE1-EN-DE-3.03-sample-pp-iv-v-scaled.jpg","contentUrl":"https:\/\/cbhilltranslations.com\/wp-content\/uploads\/2021\/02\/SE1-EN-DE-3.03-sample-pp-iv-v-scaled.jpg"},{"@type":"BreadcrumbList","@id":"https:\/\/cbhilltranslations.com\/de\/testimonials-samples#breadcrumb","itemListElement":[{"@type":"ListItem","position":1,"name":"Home","item":"https:\/\/cbhilltranslations.com\/de"},{"@type":"ListItem","position":2,"name":"Kundenstimmen &#038; Arbeitsproben"}]},{"@type":"WebSite","@id":"https:\/\/cbhilltranslations.com\/#website","url":"https:\/\/cbhilltranslations.com\/","name":"CHill Communicates","description":"Project Management, Consulting, Communication. In English and in German.","potentialAction":[{"@type":"SearchAction","target":{"@type":"EntryPoint","urlTemplate":"https:\/\/cbhilltranslations.com\/?s={search_term_string}"},"query-input":{"@type":"PropertyValueSpecification","valueRequired":true,"valueName":"search_term_string"}}],"inLanguage":"de"}]}},"_links":{"self":[{"href":"https:\/\/cbhilltranslations.com\/de\/wp-json\/wp\/v2\/pages\/38","targetHints":{"allow":["GET"]}}],"collection":[{"href":"https:\/\/cbhilltranslations.com\/de\/wp-json\/wp\/v2\/pages"}],"about":[{"href":"https:\/\/cbhilltranslations.com\/de\/wp-json\/wp\/v2\/types\/page"}],"author":[{"embeddable":true,"href":"https:\/\/cbhilltranslations.com\/de\/wp-json\/wp\/v2\/users\/1"}],"replies":[{"embeddable":true,"href":"https:\/\/cbhilltranslations.com\/de\/wp-json\/wp\/v2\/comments?post=38"}],"version-history":[{"count":11,"href":"https:\/\/cbhilltranslations.com\/de\/wp-json\/wp\/v2\/pages\/38\/revisions"}],"predecessor-version":[{"id":607,"href":"https:\/\/cbhilltranslations.com\/de\/wp-json\/wp\/v2\/pages\/38\/revisions\/607"}],"wp:attachment":[{"href":"https:\/\/cbhilltranslations.com\/de\/wp-json\/wp\/v2\/media?parent=38"}],"curies":[{"name":"wp","href":"https:\/\/api.w.org\/{rel}","templated":true}]}}