{"id":386,"date":"2020-09-15T17:04:35","date_gmt":"2020-09-15T17:04:35","guid":{"rendered":"https:\/\/cbhilltranslations.com\/?page_id=386"},"modified":"2020-09-23T09:51:25","modified_gmt":"2020-09-23T09:51:25","slug":"segelflug-kleinanzeigen","status":"publish","type":"page","link":"https:\/\/cbhilltranslations.com\/de\/segelflug-kleinanzeigen","title":{"rendered":"Segelflug-Kleinanzeigen"},"content":{"rendered":"\n<div class=\"wp-block-media-text alignwide has-media-on-the-right is-stacked-on-mobile\" style=\"grid-template-columns:auto 39%\"><figure class=\"wp-block-media-text__media\"><img loading=\"lazy\" decoding=\"async\" width=\"544\" height=\"333\" src=\"https:\/\/cbhilltranslations.com\/wp-content\/uploads\/2020\/09\/Screenshot-2020-09-15-17.58.55.png\" alt=\"\" class=\"wp-image-389\" srcset=\"https:\/\/cbhilltranslations.com\/wp-content\/uploads\/2020\/09\/Screenshot-2020-09-15-17.58.55.png 544w, https:\/\/cbhilltranslations.com\/wp-content\/uploads\/2020\/09\/Screenshot-2020-09-15-17.58.55-300x184.png 300w\" sizes=\"auto, (max-width: 544px) 100vw, 544px\" \/><\/figure><div class=\"wp-block-media-text__content\">\n<p class=\"has-normal-font-size\">Du m\u00f6chtest dein Segelflugzeug oder Zubeh\u00f6r verkaufen und w\u00fcrdest gern eine Anzeige auf einer englischsprachigen Website schalten?<\/p>\n\n\n\n<p class=\"has-normal-font-size\"><strong>Ich kann deine Anzeige vom Deutschen ins Englische \u00fcbersetzen \u2013 f\u00fcr weniger als den Preis eines Flugzeugschlepps!<\/strong><\/p>\n\n\n\n<p class=\"has-normal-font-size\">\u2026 und wenn du sprachliche Hilfe beim Schalten deiner Anzeige brauchst, kann ich auch dabei helfen.<\/p>\n\n\n<\/div><\/div>\n\n\n\n<p class=\"has-medium-font-size\">Schreib mir einfach eine <a href=\"mailto:claudia@cbhilltranslations.com\">E-Mail<\/a> oder wende dich \u00fcber <a rel=\"noreferrer noopener\" href=\"https:\/\/www.linkedin.com\/in\/cbhilltranslations\/?locale=de_DE\" target=\"_blank\">LinkedIn<\/a> an mich.<\/p>\n","protected":false},"excerpt":{"rendered":"<p>Schreib mir einfach eine E-Mail oder wende dich \u00fcber LinkedIn an mich.<\/p>\n","protected":false},"author":1,"featured_media":383,"parent":0,"menu_order":0,"comment_status":"closed","ping_status":"closed","template":"template-content.php","meta":{"content-type":"","footnotes":""},"class_list":["post-386","page","type-page","status-publish","has-post-thumbnail","hentry"],"yoast_head":"<!-- This site is optimized with the Yoast SEO plugin v27.3 - https:\/\/yoast.com\/product\/yoast-seo-wordpress\/ -->\n<title>Segelflug-Kleinanzeigen - CHill Communicates<\/title>\n<meta name=\"robots\" content=\"index, follow, max-snippet:-1, max-image-preview:large, max-video-preview:-1\" \/>\n<link rel=\"canonical\" href=\"https:\/\/cbhilltranslations.com\/de\/segelflug-kleinanzeigen\" \/>\n<meta property=\"og:locale\" content=\"de_DE\" \/>\n<meta property=\"og:type\" content=\"article\" \/>\n<meta property=\"og:title\" content=\"Segelflug-Kleinanzeigen - CHill Communicates\" \/>\n<meta property=\"og:description\" content=\"Schreib mir einfach eine E-Mail oder wende dich \u00fcber LinkedIn an mich.\" \/>\n<meta property=\"og:url\" content=\"https:\/\/cbhilltranslations.com\/de\/segelflug-kleinanzeigen\" \/>\n<meta property=\"og:site_name\" content=\"CHill Communicates\" \/>\n<meta property=\"article:publisher\" content=\"https:\/\/www.facebook.com\/CBHillTranslations\/\" \/>\n<meta property=\"article:modified_time\" content=\"2020-09-23T09:51:25+00:00\" \/>\n<meta property=\"og:image\" content=\"https:\/\/cbhilltranslations.com\/wp-content\/uploads\/2020\/09\/20190512-165514-P1140089-Featured-Image-Kopie-e1600189866436.jpg\" \/>\n\t<meta property=\"og:image:width\" content=\"3631\" \/>\n\t<meta property=\"og:image:height\" content=\"944\" \/>\n\t<meta property=\"og:image:type\" content=\"image\/jpeg\" \/>\n<meta name=\"twitter:card\" content=\"summary_large_image\" \/>\n<meta name=\"twitter:site\" content=\"@chilltrans\" \/>\n<script type=\"application\/ld+json\" class=\"yoast-schema-graph\">{\"@context\":\"https:\\\/\\\/schema.org\",\"@graph\":[{\"@type\":\"WebPage\",\"@id\":\"https:\\\/\\\/cbhilltranslations.com\\\/de\\\/segelflug-kleinanzeigen\",\"url\":\"https:\\\/\\\/cbhilltranslations.com\\\/de\\\/segelflug-kleinanzeigen\",\"name\":\"Segelflug-Kleinanzeigen - CHill Communicates\",\"isPartOf\":{\"@id\":\"https:\\\/\\\/cbhilltranslations.com\\\/#website\"},\"primaryImageOfPage\":{\"@id\":\"https:\\\/\\\/cbhilltranslations.com\\\/de\\\/segelflug-kleinanzeigen#primaryimage\"},\"image\":{\"@id\":\"https:\\\/\\\/cbhilltranslations.com\\\/de\\\/segelflug-kleinanzeigen#primaryimage\"},\"thumbnailUrl\":\"https:\\\/\\\/cbhilltranslations.com\\\/wp-content\\\/uploads\\\/2020\\\/09\\\/20190512-165514-P1140089-Featured-Image-Kopie-e1600189866436.jpg\",\"datePublished\":\"2020-09-15T17:04:35+00:00\",\"dateModified\":\"2020-09-23T09:51:25+00:00\",\"breadcrumb\":{\"@id\":\"https:\\\/\\\/cbhilltranslations.com\\\/de\\\/segelflug-kleinanzeigen#breadcrumb\"},\"inLanguage\":\"de\",\"potentialAction\":[{\"@type\":\"ReadAction\",\"target\":[\"https:\\\/\\\/cbhilltranslations.com\\\/de\\\/segelflug-kleinanzeigen\"]}]},{\"@type\":\"ImageObject\",\"inLanguage\":\"de\",\"@id\":\"https:\\\/\\\/cbhilltranslations.com\\\/de\\\/segelflug-kleinanzeigen#primaryimage\",\"url\":\"https:\\\/\\\/cbhilltranslations.com\\\/wp-content\\\/uploads\\\/2020\\\/09\\\/20190512-165514-P1140089-Featured-Image-Kopie-e1600189866436.jpg\",\"contentUrl\":\"https:\\\/\\\/cbhilltranslations.com\\\/wp-content\\\/uploads\\\/2020\\\/09\\\/20190512-165514-P1140089-Featured-Image-Kopie-e1600189866436.jpg\",\"width\":3631,\"height\":944,\"caption\":\"Photo eines Segelflugzeugs im Flug\"},{\"@type\":\"BreadcrumbList\",\"@id\":\"https:\\\/\\\/cbhilltranslations.com\\\/de\\\/segelflug-kleinanzeigen#breadcrumb\",\"itemListElement\":[{\"@type\":\"ListItem\",\"position\":1,\"name\":\"Home\",\"item\":\"https:\\\/\\\/cbhilltranslations.com\\\/de\"},{\"@type\":\"ListItem\",\"position\":2,\"name\":\"Segelflug-Kleinanzeigen\"}]},{\"@type\":\"WebSite\",\"@id\":\"https:\\\/\\\/cbhilltranslations.com\\\/#website\",\"url\":\"https:\\\/\\\/cbhilltranslations.com\\\/\",\"name\":\"CHill Communicates\",\"description\":\"Project Management, Consulting, Communication. In English and in German.\",\"potentialAction\":[{\"@type\":\"SearchAction\",\"target\":{\"@type\":\"EntryPoint\",\"urlTemplate\":\"https:\\\/\\\/cbhilltranslations.com\\\/?s={search_term_string}\"},\"query-input\":{\"@type\":\"PropertyValueSpecification\",\"valueRequired\":true,\"valueName\":\"search_term_string\"}}],\"inLanguage\":\"de\"}]}<\/script>\n<!-- \/ Yoast SEO plugin. -->","yoast_head_json":{"title":"Segelflug-Kleinanzeigen - CHill Communicates","robots":{"index":"index","follow":"follow","max-snippet":"max-snippet:-1","max-image-preview":"max-image-preview:large","max-video-preview":"max-video-preview:-1"},"canonical":"https:\/\/cbhilltranslations.com\/de\/segelflug-kleinanzeigen","og_locale":"de_DE","og_type":"article","og_title":"Segelflug-Kleinanzeigen - CHill Communicates","og_description":"Schreib mir einfach eine E-Mail oder wende dich \u00fcber LinkedIn an mich.","og_url":"https:\/\/cbhilltranslations.com\/de\/segelflug-kleinanzeigen","og_site_name":"CHill Communicates","article_publisher":"https:\/\/www.facebook.com\/CBHillTranslations\/","article_modified_time":"2020-09-23T09:51:25+00:00","og_image":[{"width":3631,"height":944,"url":"https:\/\/cbhilltranslations.com\/wp-content\/uploads\/2020\/09\/20190512-165514-P1140089-Featured-Image-Kopie-e1600189866436.jpg","type":"image\/jpeg"}],"twitter_card":"summary_large_image","twitter_site":"@chilltrans","schema":{"@context":"https:\/\/schema.org","@graph":[{"@type":"WebPage","@id":"https:\/\/cbhilltranslations.com\/de\/segelflug-kleinanzeigen","url":"https:\/\/cbhilltranslations.com\/de\/segelflug-kleinanzeigen","name":"Segelflug-Kleinanzeigen - CHill Communicates","isPartOf":{"@id":"https:\/\/cbhilltranslations.com\/#website"},"primaryImageOfPage":{"@id":"https:\/\/cbhilltranslations.com\/de\/segelflug-kleinanzeigen#primaryimage"},"image":{"@id":"https:\/\/cbhilltranslations.com\/de\/segelflug-kleinanzeigen#primaryimage"},"thumbnailUrl":"https:\/\/cbhilltranslations.com\/wp-content\/uploads\/2020\/09\/20190512-165514-P1140089-Featured-Image-Kopie-e1600189866436.jpg","datePublished":"2020-09-15T17:04:35+00:00","dateModified":"2020-09-23T09:51:25+00:00","breadcrumb":{"@id":"https:\/\/cbhilltranslations.com\/de\/segelflug-kleinanzeigen#breadcrumb"},"inLanguage":"de","potentialAction":[{"@type":"ReadAction","target":["https:\/\/cbhilltranslations.com\/de\/segelflug-kleinanzeigen"]}]},{"@type":"ImageObject","inLanguage":"de","@id":"https:\/\/cbhilltranslations.com\/de\/segelflug-kleinanzeigen#primaryimage","url":"https:\/\/cbhilltranslations.com\/wp-content\/uploads\/2020\/09\/20190512-165514-P1140089-Featured-Image-Kopie-e1600189866436.jpg","contentUrl":"https:\/\/cbhilltranslations.com\/wp-content\/uploads\/2020\/09\/20190512-165514-P1140089-Featured-Image-Kopie-e1600189866436.jpg","width":3631,"height":944,"caption":"Photo eines Segelflugzeugs im Flug"},{"@type":"BreadcrumbList","@id":"https:\/\/cbhilltranslations.com\/de\/segelflug-kleinanzeigen#breadcrumb","itemListElement":[{"@type":"ListItem","position":1,"name":"Home","item":"https:\/\/cbhilltranslations.com\/de"},{"@type":"ListItem","position":2,"name":"Segelflug-Kleinanzeigen"}]},{"@type":"WebSite","@id":"https:\/\/cbhilltranslations.com\/#website","url":"https:\/\/cbhilltranslations.com\/","name":"CHill Communicates","description":"Project Management, Consulting, Communication. In English and in German.","potentialAction":[{"@type":"SearchAction","target":{"@type":"EntryPoint","urlTemplate":"https:\/\/cbhilltranslations.com\/?s={search_term_string}"},"query-input":{"@type":"PropertyValueSpecification","valueRequired":true,"valueName":"search_term_string"}}],"inLanguage":"de"}]}},"_links":{"self":[{"href":"https:\/\/cbhilltranslations.com\/de\/wp-json\/wp\/v2\/pages\/386","targetHints":{"allow":["GET"]}}],"collection":[{"href":"https:\/\/cbhilltranslations.com\/de\/wp-json\/wp\/v2\/pages"}],"about":[{"href":"https:\/\/cbhilltranslations.com\/de\/wp-json\/wp\/v2\/types\/page"}],"author":[{"embeddable":true,"href":"https:\/\/cbhilltranslations.com\/de\/wp-json\/wp\/v2\/users\/1"}],"replies":[{"embeddable":true,"href":"https:\/\/cbhilltranslations.com\/de\/wp-json\/wp\/v2\/comments?post=386"}],"version-history":[{"count":9,"href":"https:\/\/cbhilltranslations.com\/de\/wp-json\/wp\/v2\/pages\/386\/revisions"}],"predecessor-version":[{"id":444,"href":"https:\/\/cbhilltranslations.com\/de\/wp-json\/wp\/v2\/pages\/386\/revisions\/444"}],"wp:featuredmedia":[{"embeddable":true,"href":"https:\/\/cbhilltranslations.com\/de\/wp-json\/wp\/v2\/media\/383"}],"wp:attachment":[{"href":"https:\/\/cbhilltranslations.com\/de\/wp-json\/wp\/v2\/media?parent=386"}],"curies":[{"name":"wp","href":"https:\/\/api.w.org\/{rel}","templated":true}]}}